{"id":8,"date":"2023-06-02T13:52:42","date_gmt":"2023-06-02T11:52:42","guid":{"rendered":"https:\/\/cheerleadingmonaco.com\/?page_id=8"},"modified":"2023-06-06T19:30:18","modified_gmt":"2023-06-06T17:30:18","slug":"accueil","status":"publish","type":"page","link":"https:\/\/cheerleadingmonaco.com\/","title":{"rendered":"D\u00e9couvrez le Cheerleading avec les Monaco All Stars"},"content":{"rendered":"\n<p><p style=\"text-align: justify;\">Le \u00ab cheerleading \u00bb, sport \u00e0 part enti\u00e8re, est une discipline bas\u00e9e sur la gymnastique, la danse et les port\u00e9s acrobatiques.<br><br>\u200bEntra\u00eenements physiques, pr\u00e9parations gymniques, r\u00e9p\u00e9titions, prestations sur le terrain, les pratiquants doivent se soumettre \u00e0 un v\u00e9ritable programme d&rsquo;athl\u00e8te pour assurer leurs performances. \u200b<br><br>Les cheerleaders proposent au public des prestations aussi spectaculaires que ma\u00eetris\u00e9es.\u200b<br><br>Elles prennent aussi autant de plaisir \u00e0 encourager les joueurs qu\u2019\u00e0 inciter les fans \u00e0 participer activement au spectacle sportif.\u200b<br><br>La diff\u00e9rence avec les \u00ab\u00a0pompomgirls\u00a0\u00bb, si populaires, est bien l&rsquo;aspect sportif et acrobatique de notre discipline.\u200b<\/p><\/p>\n","protected":false},"excerpt":{"rendered":"<p>Le \u00ab cheerleading \u00bb, sport \u00e0 part enti\u00e8re, est une discipline bas\u00e9e sur la gymnastique, la danse et les port\u00e9s acrobatiques. \u200bEntra\u00eenements physiques, pr\u00e9parations gymniques, r\u00e9p\u00e9titions, prestations sur le terrain, les pratiquants doivent se soumettre \u00e0 un v\u00e9ritable programme d&rsquo;athl\u00e8te pour assurer leurs performances. \u200b Les cheerleaders proposent au public des prestations aussi spectaculaires que &hellip; <\/p>\n<p class=\"link-more\"><a href=\"https:\/\/cheerleadingmonaco.com\/\" class=\"more-link\">Continuer la lecture<span class=\"screen-reader-text\"> de &laquo;&nbsp;D\u00e9couvrez le Cheerleading avec les Monaco All Stars&nbsp;&raquo;<\/span><\/a><\/p>\n","protected":false},"author":1,"featured_media":81,"parent":0,"menu_order":0,"comment_status":"closed","ping_status":"closed","template":"","meta":{"footnotes":""},"class_list":["post-8","page","type-page","status-publish","has-post-thumbnail","hentry"],"_links":{"self":[{"href":"https:\/\/cheerleadingmonaco.com\/index.php\/wp-json\/wp\/v2\/pages\/8","targetHints":{"allow":["GET"]}}],"collection":[{"href":"https:\/\/cheerleadingmonaco.com\/index.php\/wp-json\/wp\/v2\/pages"}],"about":[{"href":"https:\/\/cheerleadingmonaco.com\/index.php\/wp-json\/wp\/v2\/types\/page"}],"author":[{"embeddable":true,"href":"https:\/\/cheerleadingmonaco.com\/index.php\/wp-json\/wp\/v2\/users\/1"}],"replies":[{"embeddable":true,"href":"https:\/\/cheerleadingmonaco.com\/index.php\/wp-json\/wp\/v2\/comments?post=8"}],"version-history":[{"count":6,"href":"https:\/\/cheerleadingmonaco.com\/index.php\/wp-json\/wp\/v2\/pages\/8\/revisions"}],"predecessor-version":[{"id":255,"href":"https:\/\/cheerleadingmonaco.com\/index.php\/wp-json\/wp\/v2\/pages\/8\/revisions\/255"}],"wp:featuredmedia":[{"embeddable":true,"href":"https:\/\/cheerleadingmonaco.com\/index.php\/wp-json\/wp\/v2\/media\/81"}],"wp:attachment":[{"href":"https:\/\/cheerleadingmonaco.com\/index.php\/wp-json\/wp\/v2\/media?parent=8"}],"curies":[{"name":"wp","href":"https:\/\/api.w.org\/{rel}","templated":true}]}}