{"id":363,"date":"2023-10-01T17:35:12","date_gmt":"2023-10-01T15:35:12","guid":{"rendered":"https:\/\/cheerleadingmonaco.com\/?page_id=363"},"modified":"2025-06-26T14:40:42","modified_gmt":"2025-06-26T12:40:42","slug":"boutique","status":"publish","type":"page","link":"https:\/\/cheerleadingmonaco.com\/index.php\/boutique\/","title":{"rendered":"Boutique"},"content":{"rendered":"\r\n<p>D\u00e9couvrez nos goodies Monaco All Stars. Payez par ch\u00e8que ou esp\u00e8ces lors des entra\u00eenements.<\/p>\r\n\r\n\r\n\r\n<div class=\"wp-block-columns is-layout-flex wp-container-core-columns-is-layout-9d6595d7 wp-block-columns-is-layout-flex\">\r\n<div class=\"wp-block-column is-layout-flow wp-block-column-is-layout-flow\"><div class=\"wp-block-image\">\r\n<figure class=\"aligncenter size-large\"><img loading=\"lazy\" decoding=\"async\" width=\"1024\" height=\"768\" class=\"wp-image-386\" src=\"https:\/\/cheerleadingmonaco.com\/wp-content\/uploads\/2023\/10\/06456973-e7dd-4636-8e44-c92a6e58215f-1024x768.jpg\" alt=\"\" srcset=\"https:\/\/cheerleadingmonaco.com\/wp-content\/uploads\/2023\/10\/06456973-e7dd-4636-8e44-c92a6e58215f-1024x768.jpg 1024w, https:\/\/cheerleadingmonaco.com\/wp-content\/uploads\/2023\/10\/06456973-e7dd-4636-8e44-c92a6e58215f-300x225.jpg 300w, https:\/\/cheerleadingmonaco.com\/wp-content\/uploads\/2023\/10\/06456973-e7dd-4636-8e44-c92a6e58215f-768x576.jpg 768w, https:\/\/cheerleadingmonaco.com\/wp-content\/uploads\/2023\/10\/06456973-e7dd-4636-8e44-c92a6e58215f-1536x1152.jpg 1536w, https:\/\/cheerleadingmonaco.com\/wp-content\/uploads\/2023\/10\/06456973-e7dd-4636-8e44-c92a6e58215f.jpg 2048w\" sizes=\"auto, (max-width: 706px) 89vw, (max-width: 767px) 82vw, 740px\" \/><\/figure>\r\n<\/div><\/div>\r\n\r\n\r\n\r\n<div class=\"wp-block-column is-layout-flow wp-block-column-is-layout-flow\"><div class=\"wp-block-image\">\r\n<figure class=\"aligncenter size-large\"><img loading=\"lazy\" decoding=\"async\" width=\"1024\" height=\"768\" class=\"wp-image-387\" src=\"https:\/\/cheerleadingmonaco.com\/wp-content\/uploads\/2023\/10\/d6c2232d-2906-4ffd-b4c2-2b7adbe6f454-1024x768.jpg\" alt=\"\" srcset=\"https:\/\/cheerleadingmonaco.com\/wp-content\/uploads\/2023\/10\/d6c2232d-2906-4ffd-b4c2-2b7adbe6f454-1024x768.jpg 1024w, https:\/\/cheerleadingmonaco.com\/wp-content\/uploads\/2023\/10\/d6c2232d-2906-4ffd-b4c2-2b7adbe6f454-300x225.jpg 300w, https:\/\/cheerleadingmonaco.com\/wp-content\/uploads\/2023\/10\/d6c2232d-2906-4ffd-b4c2-2b7adbe6f454-768x576.jpg 768w, https:\/\/cheerleadingmonaco.com\/wp-content\/uploads\/2023\/10\/d6c2232d-2906-4ffd-b4c2-2b7adbe6f454-1536x1152.jpg 1536w, https:\/\/cheerleadingmonaco.com\/wp-content\/uploads\/2023\/10\/d6c2232d-2906-4ffd-b4c2-2b7adbe6f454.jpg 2048w\" sizes=\"auto, (max-width: 706px) 89vw, (max-width: 767px) 82vw, 740px\" \/><\/figure>\r\n<\/div><\/div>\r\n<\/div>\r\n\r\n\r\n\r\n<p class=\"has-text-align-center\">T-shirt MONACO ALL STARS<\/p>\r\n\r\n\r\n\r\n<p class=\"has-text-align-center\"><strong>25,00 \u20ac<\/strong><\/p>\r\n\r\n\r\n<div class=\"wp-block-image\">\r\n<figure class=\"aligncenter size-large is-resized\"><img loading=\"lazy\" decoding=\"async\" width=\"1024\" height=\"768\" class=\"wp-image-385\" style=\"width: 493px; height: 370px;\" src=\"https:\/\/cheerleadingmonaco.com\/wp-content\/uploads\/2023\/10\/df13cf75-ca5e-438d-98bb-58e265dcec14-2-1024x768.jpg\" alt=\"\" srcset=\"https:\/\/cheerleadingmonaco.com\/wp-content\/uploads\/2023\/10\/df13cf75-ca5e-438d-98bb-58e265dcec14-2-1024x768.jpg 1024w, https:\/\/cheerleadingmonaco.com\/wp-content\/uploads\/2023\/10\/df13cf75-ca5e-438d-98bb-58e265dcec14-2-300x225.jpg 300w, https:\/\/cheerleadingmonaco.com\/wp-content\/uploads\/2023\/10\/df13cf75-ca5e-438d-98bb-58e265dcec14-2-768x576.jpg 768w, https:\/\/cheerleadingmonaco.com\/wp-content\/uploads\/2023\/10\/df13cf75-ca5e-438d-98bb-58e265dcec14-2-1536x1152.jpg 1536w, https:\/\/cheerleadingmonaco.com\/wp-content\/uploads\/2023\/10\/df13cf75-ca5e-438d-98bb-58e265dcec14-2.jpg 2048w\" sizes=\"auto, (max-width: 706px) 89vw, (max-width: 767px) 82vw, 740px\" \/><\/figure>\r\n<\/div>\r\n\r\n\r\n<p class=\"has-text-align-center\">Pompons silver<\/p>\r\n\r\n\r\n\r\n<p class=\"has-text-align-center\"><strong>45,00 \u20ac<\/strong><\/p>\r\n\r\n\r\n\r\n<div class=\"wp-block-columns is-layout-flex wp-container-core-columns-is-layout-9d6595d7 wp-block-columns-is-layout-flex\">\r\n<div class=\"wp-block-column is-layout-flow wp-block-column-is-layout-flow\"><div class=\"wp-block-image\">\r\n<figure class=\"aligncenter size-full is-resized\"><img loading=\"lazy\" decoding=\"async\" width=\"768\" height=\"1024\" class=\"wp-image-364\" style=\"width: 311px; height: 415px;\" src=\"https:\/\/cheerleadingmonaco.com\/wp-content\/uploads\/2023\/10\/33767bc7-de96-427a-9320-135ef5ba76f3.jpg\" alt=\"\" srcset=\"https:\/\/cheerleadingmonaco.com\/wp-content\/uploads\/2023\/10\/33767bc7-de96-427a-9320-135ef5ba76f3.jpg 768w, https:\/\/cheerleadingmonaco.com\/wp-content\/uploads\/2023\/10\/33767bc7-de96-427a-9320-135ef5ba76f3-225x300.jpg 225w\" sizes=\"auto, (max-width: 706px) 89vw, (max-width: 767px) 82vw, 740px\" \/><\/figure>\r\n<\/div>\r\n\r\n\r\n<p class=\"has-text-align-center\">Noeud Monaco<\/p>\r\n\r\n\r\n\r\n<p class=\"has-text-align-center\"><strong>20,00 \u20ac<\/strong><\/p>\r\n\r\n\r\n\r\n<p class=\"has-text-align-center\">\u00a0<\/p>\r\n<\/div>\r\n<\/div>\r\n\r\n\r\n<div class=\"wp-block-image\">\r\n<figure class=\"aligncenter size-full is-resized\"><img loading=\"lazy\" decoding=\"async\" width=\"768\" height=\"1024\" class=\"wp-image-365\" style=\"width: 332px; height: 443px;\" src=\"http:\/\/cheerleadingmonaco.com\/wp-content\/uploads\/2023\/10\/077e0b3d-7a58-4248-b421-413cad034a8c.jpg\" alt=\"\" srcset=\"https:\/\/cheerleadingmonaco.com\/wp-content\/uploads\/2023\/10\/077e0b3d-7a58-4248-b421-413cad034a8c.jpg 768w, https:\/\/cheerleadingmonaco.com\/wp-content\/uploads\/2023\/10\/077e0b3d-7a58-4248-b421-413cad034a8c-225x300.jpg 225w\" sizes=\"auto, (max-width: 706px) 89vw, (max-width: 767px) 82vw, 740px\" \/><\/figure>\r\n<\/div>\r\n\r\n\r\n<p class=\"has-text-align-center\">Noeud Etoiles<\/p>\r\n\r\n\r\n\r\n<p class=\"has-text-align-center\"><strong>20,00 \u20ac<\/strong><\/p>\r\n\r\n\r\n\r\n<div class=\"wp-block-columns is-layout-flex wp-container-core-columns-is-layout-9d6595d7 wp-block-columns-is-layout-flex\">\r\n<div class=\"wp-block-column is-layout-flow wp-block-column-is-layout-flow\"><div class=\"wp-block-image\">\r\n<figure class=\"aligncenter size-full is-resized\"><img loading=\"lazy\" decoding=\"async\" width=\"768\" height=\"1024\" class=\"wp-image-377\" style=\"width: 300px; height: 400px;\" src=\"https:\/\/cheerleadingmonaco.com\/wp-content\/uploads\/2023\/10\/3a7aafd6-a085-4370-8331-76a81853b105.jpg\" alt=\"\" srcset=\"https:\/\/cheerleadingmonaco.com\/wp-content\/uploads\/2023\/10\/3a7aafd6-a085-4370-8331-76a81853b105.jpg 768w, https:\/\/cheerleadingmonaco.com\/wp-content\/uploads\/2023\/10\/3a7aafd6-a085-4370-8331-76a81853b105-225x300.jpg 225w\" sizes=\"auto, (max-width: 706px) 89vw, (max-width: 767px) 82vw, 740px\" \/><\/figure>\r\n<\/div><\/div>\r\n\r\n\r\n\r\n<div class=\"wp-block-column is-layout-flow wp-block-column-is-layout-flow\"><div class=\"wp-block-image\">\r\n<figure class=\"aligncenter size-full is-resized\"><img loading=\"lazy\" decoding=\"async\" width=\"768\" height=\"1024\" class=\"wp-image-378\" style=\"width: 297px; height: 396px;\" src=\"https:\/\/cheerleadingmonaco.com\/wp-content\/uploads\/2023\/10\/1ee649b0-d456-449d-8a57-512e31fa542d.jpg\" alt=\"\" srcset=\"https:\/\/cheerleadingmonaco.com\/wp-content\/uploads\/2023\/10\/1ee649b0-d456-449d-8a57-512e31fa542d.jpg 768w, https:\/\/cheerleadingmonaco.com\/wp-content\/uploads\/2023\/10\/1ee649b0-d456-449d-8a57-512e31fa542d-225x300.jpg 225w\" sizes=\"auto, (max-width: 706px) 89vw, (max-width: 767px) 82vw, 740px\" \/><\/figure>\r\n<\/div><\/div>\r\n<\/div>\r\n\r\n\r\n\r\n<p class=\"has-text-align-center\">Tote bag blanc<\/p>\r\n\r\n\r\n\r\n<p class=\"has-text-align-center\"><strong>10,00 \u20ac<\/strong><\/p>\r\n\r\n\r\n\r\n\r\n\r\n<div class=\"wp-block-columns is-layout-flex wp-container-core-columns-is-layout-9d6595d7 wp-block-columns-is-layout-flex\">\r\n<div class=\"wp-block-column is-layout-flow wp-block-column-is-layout-flow\"><div class=\"wp-block-image\">\r\n<figure class=\"aligncenter size-large is-resized\"><img loading=\"lazy\" decoding=\"async\" width=\"768\" height=\"1024\" class=\"wp-image-381\" style=\"width: 270px; height: 360px;\" src=\"https:\/\/cheerleadingmonaco.com\/wp-content\/uploads\/2023\/10\/0a7ab32a-5f98-4da6-8005-1f9a1800ccfb-768x1024.jpg\" alt=\"\" srcset=\"https:\/\/cheerleadingmonaco.com\/wp-content\/uploads\/2023\/10\/0a7ab32a-5f98-4da6-8005-1f9a1800ccfb-768x1024.jpg 768w, https:\/\/cheerleadingmonaco.com\/wp-content\/uploads\/2023\/10\/0a7ab32a-5f98-4da6-8005-1f9a1800ccfb-225x300.jpg 225w, https:\/\/cheerleadingmonaco.com\/wp-content\/uploads\/2023\/10\/0a7ab32a-5f98-4da6-8005-1f9a1800ccfb-1152x1536.jpg 1152w, https:\/\/cheerleadingmonaco.com\/wp-content\/uploads\/2023\/10\/0a7ab32a-5f98-4da6-8005-1f9a1800ccfb.jpg 1536w\" sizes=\"auto, (max-width: 706px) 89vw, (max-width: 767px) 82vw, 740px\" \/><\/figure>\r\n<\/div><\/div>\r\n\r\n\r\n\r\n<div class=\"wp-block-column is-layout-flow wp-block-column-is-layout-flow\"><div class=\"wp-block-image\">\r\n<figure class=\"aligncenter size-full is-resized\"><img loading=\"lazy\" decoding=\"async\" width=\"768\" height=\"1024\" class=\"wp-image-383\" style=\"width: 267px; height: 356px;\" src=\"https:\/\/cheerleadingmonaco.com\/wp-content\/uploads\/2023\/10\/2a12c584-73bf-433c-aeb1-fce1747372c2.jpg\" alt=\"\" srcset=\"https:\/\/cheerleadingmonaco.com\/wp-content\/uploads\/2023\/10\/2a12c584-73bf-433c-aeb1-fce1747372c2.jpg 768w, https:\/\/cheerleadingmonaco.com\/wp-content\/uploads\/2023\/10\/2a12c584-73bf-433c-aeb1-fce1747372c2-225x300.jpg 225w\" sizes=\"auto, (max-width: 706px) 89vw, (max-width: 767px) 82vw, 740px\" \/><\/figure>\r\n<\/div><\/div>\r\n<\/div>\r\n\r\n\r\n\r\n<p class=\"has-text-align-center\">Chaussettes<\/p>\r\n\r\n\r\n\r\n<p class=\"has-text-align-center\"><strong>10,00 \u20ac<\/strong><\/p>\r\n","protected":false},"excerpt":{"rendered":"<p>D\u00e9couvrez nos goodies Monaco All Stars. Payez par ch\u00e8que ou esp\u00e8ces lors des entra\u00eenements. T-shirt MONACO ALL STARS 25,00 \u20ac Pompons silver 45,00 \u20ac Noeud Monaco 20,00 \u20ac \u00a0 Noeud Etoiles 20,00 \u20ac Tote bag blanc 10,00 \u20ac Chaussettes 10,00 \u20ac<\/p>\n","protected":false},"author":2,"featured_media":0,"parent":0,"menu_order":0,"comment_status":"closed","ping_status":"closed","template":"","meta":{"footnotes":""},"class_list":["post-363","page","type-page","status-publish","hentry"],"_links":{"self":[{"href":"https:\/\/cheerleadingmonaco.com\/index.php\/wp-json\/wp\/v2\/pages\/363","targetHints":{"allow":["GET"]}}],"collection":[{"href":"https:\/\/cheerleadingmonaco.com\/index.php\/wp-json\/wp\/v2\/pages"}],"about":[{"href":"https:\/\/cheerleadingmonaco.com\/index.php\/wp-json\/wp\/v2\/types\/page"}],"author":[{"embeddable":true,"href":"https:\/\/cheerleadingmonaco.com\/index.php\/wp-json\/wp\/v2\/users\/2"}],"replies":[{"embeddable":true,"href":"https:\/\/cheerleadingmonaco.com\/index.php\/wp-json\/wp\/v2\/comments?post=363"}],"version-history":[{"count":14,"href":"https:\/\/cheerleadingmonaco.com\/index.php\/wp-json\/wp\/v2\/pages\/363\/revisions"}],"predecessor-version":[{"id":500,"href":"https:\/\/cheerleadingmonaco.com\/index.php\/wp-json\/wp\/v2\/pages\/363\/revisions\/500"}],"wp:attachment":[{"href":"https:\/\/cheerleadingmonaco.com\/index.php\/wp-json\/wp\/v2\/media?parent=363"}],"curies":[{"name":"wp","href":"https:\/\/api.w.org\/{rel}","templated":true}]}}