{"id":216,"date":"2023-06-06T14:01:23","date_gmt":"2023-06-06T12:01:23","guid":{"rendered":"https:\/\/cheerleadingmonaco.com\/?page_id=216"},"modified":"2024-03-19T23:11:43","modified_gmt":"2024-03-19T22:11:43","slug":"nos-sponsors","status":"publish","type":"page","link":"https:\/\/cheerleadingmonaco.com\/index.php\/nos-sponsors\/","title":{"rendered":"Nos sponsors"},"content":{"rendered":"\r\n<p>Notre \u00e9quipe est sponsoris\u00e9e par plusieurs soci\u00e9t\u00e9s que nous remercions chaleureusement.<\/p>\r\n\r\n\r\n\r\n<figure class=\"wp-block-image size-large\"><img loading=\"lazy\" decoding=\"async\" width=\"1024\" height=\"768\" class=\"wp-image-331\" src=\"http:\/\/cheerleadingmonaco.com\/wp-content\/uploads\/2023\/09\/placeholder_landscape-1024x768.jpg\" alt=\"\" srcset=\"https:\/\/cheerleadingmonaco.com\/wp-content\/uploads\/2023\/09\/placeholder_landscape-1024x768.jpg 1024w, https:\/\/cheerleadingmonaco.com\/wp-content\/uploads\/2023\/09\/placeholder_landscape-300x225.jpg 300w, https:\/\/cheerleadingmonaco.com\/wp-content\/uploads\/2023\/09\/placeholder_landscape-768x576.jpg 768w, https:\/\/cheerleadingmonaco.com\/wp-content\/uploads\/2023\/09\/placeholder_landscape.jpg 1200w\" sizes=\"auto, (max-width: 706px) 89vw, (max-width: 767px) 82vw, 740px\" \/><\/figure>\r\n\r\n\r\n\r\n<p class=\"has-text-align-center\"><strong>Mairie de Monaco<\/strong><\/p>\r\n\r\n\r\n<div class=\"wp-block-image\">\r\n<figure class=\"aligncenter size-full is-resized\"><img loading=\"lazy\" decoding=\"async\" width=\"664\" height=\"374\" class=\"wp-image-217\" style=\"width: 664px; height: 374px;\" src=\"https:\/\/cheerleadingmonaco.com\/wp-content\/uploads\/2023\/06\/Capture-decran-2023-06-06-a-13.55.56.png\" alt=\"\" srcset=\"https:\/\/cheerleadingmonaco.com\/wp-content\/uploads\/2023\/06\/Capture-decran-2023-06-06-a-13.55.56.png 664w, https:\/\/cheerleadingmonaco.com\/wp-content\/uploads\/2023\/06\/Capture-decran-2023-06-06-a-13.55.56-300x169.png 300w\" sizes=\"auto, (max-width: 664px) 100vw, 664px\" \/><\/figure>\r\n<\/div>\r\n\r\n\r\n<p class=\"has-text-align-center\">UBALDUCCI &amp; CERASUOLO, un courtier en assurances qui saura vous aider dans vos d\u00e9marches.<\/p>\r\n\r\n\r\n<div class=\"wp-block-image\">\r\n<figure class=\"aligncenter size-full\"><img loading=\"lazy\" decoding=\"async\" width=\"664\" height=\"234\" class=\"wp-image-218\" src=\"https:\/\/cheerleadingmonaco.com\/wp-content\/uploads\/2023\/06\/Capture-decran-2023-06-06-a-13.56.08.png\" alt=\"\" srcset=\"https:\/\/cheerleadingmonaco.com\/wp-content\/uploads\/2023\/06\/Capture-decran-2023-06-06-a-13.56.08.png 664w, https:\/\/cheerleadingmonaco.com\/wp-content\/uploads\/2023\/06\/Capture-decran-2023-06-06-a-13.56.08-300x106.png 300w\" sizes=\"auto, (max-width: 664px) 100vw, 664px\" \/><\/figure>\r\n<\/div>\r\n\r\n\r\n<p class=\"has-text-align-center\">\u00ab\u00a0A&rsquo;TREGO, Les pieds dans l&rsquo;eau\u00a0\u00bb un excellent restaurant de sp\u00e9cialit\u00e9s locales sur le port de Cap d&rsquo;Ail.<\/p>\r\n<p><img loading=\"lazy\" decoding=\"async\" class=\"wp-image-441 aligncenter\" src=\"http:\/\/cheerleadingmonaco.com\/wp-content\/uploads\/2024\/03\/LogoSyselio_900-300x115.png\" alt=\"\" width=\"485\" height=\"186\" srcset=\"https:\/\/cheerleadingmonaco.com\/wp-content\/uploads\/2024\/03\/LogoSyselio_900-300x115.png 300w, https:\/\/cheerleadingmonaco.com\/wp-content\/uploads\/2024\/03\/LogoSyselio_900-768x294.png 768w, https:\/\/cheerleadingmonaco.com\/wp-content\/uploads\/2024\/03\/LogoSyselio_900.png 900w\" sizes=\"auto, (max-width: 485px) 100vw, 485px\" \/><\/p>\r\n<p style=\"text-align: center;\">Syselio, l&rsquo;expertise logicielle Made in Monaco depuis 2003.<\/p>\r\n<p style=\"text-align: center;\">D\u00e9veloppement &#8211; Etude &#8211; Conception<\/p>\r\n\r\n\r\n<div class=\"wp-block-image\">\r\n<figure class=\"aligncenter size-full\"><img loading=\"lazy\" decoding=\"async\" width=\"664\" height=\"234\" class=\"wp-image-219\" src=\"https:\/\/cheerleadingmonaco.com\/wp-content\/uploads\/2023\/06\/Capture-decran-2023-06-06-a-13.56.19.png\" alt=\"\" srcset=\"https:\/\/cheerleadingmonaco.com\/wp-content\/uploads\/2023\/06\/Capture-decran-2023-06-06-a-13.56.19.png 664w, https:\/\/cheerleadingmonaco.com\/wp-content\/uploads\/2023\/06\/Capture-decran-2023-06-06-a-13.56.19-300x106.png 300w\" sizes=\"auto, (max-width: 664px) 100vw, 664px\" \/><\/figure>\r\n<\/div>\r\n\r\n\r\n<p class=\"has-text-align-center\">La plage NAOS, sur la Plage Marquet de Cap d&rsquo;Ail, un endroit dans lequel vous pourrez vous d\u00e9tendre en profitant de la Grande Bleue.<\/p>\r\n\r\n\r\n\r\n<figure class=\"wp-block-image size-full\"><img loading=\"lazy\" decoding=\"async\" width=\"896\" height=\"315\" class=\"wp-image-403\" src=\"https:\/\/cheerleadingmonaco.com\/wp-content\/uploads\/2023\/12\/logo-societe-des-bains-de-mer-192-.png\" alt=\"\" srcset=\"https:\/\/cheerleadingmonaco.com\/wp-content\/uploads\/2023\/12\/logo-societe-des-bains-de-mer-192-.png 896w, https:\/\/cheerleadingmonaco.com\/wp-content\/uploads\/2023\/12\/logo-societe-des-bains-de-mer-192--300x105.png 300w, https:\/\/cheerleadingmonaco.com\/wp-content\/uploads\/2023\/12\/logo-societe-des-bains-de-mer-192--768x270.png 768w\" sizes=\"auto, (max-width: 706px) 89vw, (max-width: 767px) 82vw, 740px\" \/><\/figure>\r\n\r\n\r\n\r\n<p class=\"has-text-align-center\">MONTE CARLO Soci\u00e9t\u00e9 des Bains de Mer, une compagnie qui vous offrira les plus beaux plaisirs de la Principaut\u00e9 en terme d&rsquo;h\u00f4tellerie, de restauration, et de divertissement.<\/p>\r\n\r\n\r\n<div class=\"wp-block-image\">\r\n<figure class=\"aligncenter size-full is-resized\"><img loading=\"lazy\" decoding=\"async\" width=\"506\" height=\"544\" class=\"wp-image-220\" style=\"width: 675px; height: 726px;\" src=\"https:\/\/cheerleadingmonaco.com\/wp-content\/uploads\/2023\/06\/Capture-decran-2023-06-06-a-13.56.42.png\" alt=\"\" srcset=\"https:\/\/cheerleadingmonaco.com\/wp-content\/uploads\/2023\/06\/Capture-decran-2023-06-06-a-13.56.42.png 506w, https:\/\/cheerleadingmonaco.com\/wp-content\/uploads\/2023\/06\/Capture-decran-2023-06-06-a-13.56.42-279x300.png 279w\" sizes=\"auto, (max-width: 506px) 100vw, 506px\" \/><\/figure>\r\n<\/div>\r\n\r\n\r\n<p class=\"has-text-align-center\">SEGRAETI, un endroit id\u00e9al pour choisir vos d\u00e9corations de luxe.<\/p>\r\n","protected":false},"excerpt":{"rendered":"<p>Notre \u00e9quipe est sponsoris\u00e9e par plusieurs soci\u00e9t\u00e9s que nous remercions chaleureusement. Mairie de Monaco UBALDUCCI &amp; CERASUOLO, un courtier en assurances qui saura vous aider dans vos d\u00e9marches. \u00ab\u00a0A&rsquo;TREGO, Les pieds dans l&rsquo;eau\u00a0\u00bb un excellent restaurant de sp\u00e9cialit\u00e9s locales sur le port de Cap d&rsquo;Ail. Syselio, l&rsquo;expertise logicielle Made in Monaco depuis 2003. D\u00e9veloppement &#8211; &hellip; <\/p>\n<p class=\"link-more\"><a href=\"https:\/\/cheerleadingmonaco.com\/index.php\/nos-sponsors\/\" class=\"more-link\">Continuer la lecture<span class=\"screen-reader-text\"> de &laquo;&nbsp;Nos sponsors&nbsp;&raquo;<\/span><\/a><\/p>\n","protected":false},"author":2,"featured_media":0,"parent":0,"menu_order":0,"comment_status":"closed","ping_status":"closed","template":"","meta":{"footnotes":""},"class_list":["post-216","page","type-page","status-publish","hentry"],"_links":{"self":[{"href":"https:\/\/cheerleadingmonaco.com\/index.php\/wp-json\/wp\/v2\/pages\/216","targetHints":{"allow":["GET"]}}],"collection":[{"href":"https:\/\/cheerleadingmonaco.com\/index.php\/wp-json\/wp\/v2\/pages"}],"about":[{"href":"https:\/\/cheerleadingmonaco.com\/index.php\/wp-json\/wp\/v2\/types\/page"}],"author":[{"embeddable":true,"href":"https:\/\/cheerleadingmonaco.com\/index.php\/wp-json\/wp\/v2\/users\/2"}],"replies":[{"embeddable":true,"href":"https:\/\/cheerleadingmonaco.com\/index.php\/wp-json\/wp\/v2\/comments?post=216"}],"version-history":[{"count":7,"href":"https:\/\/cheerleadingmonaco.com\/index.php\/wp-json\/wp\/v2\/pages\/216\/revisions"}],"predecessor-version":[{"id":443,"href":"https:\/\/cheerleadingmonaco.com\/index.php\/wp-json\/wp\/v2\/pages\/216\/revisions\/443"}],"wp:attachment":[{"href":"https:\/\/cheerleadingmonaco.com\/index.php\/wp-json\/wp\/v2\/media?parent=216"}],"curies":[{"name":"wp","href":"https:\/\/api.w.org\/{rel}","templated":true}]}}