{"id":128,"date":"2023-06-05T19:20:17","date_gmt":"2023-06-05T17:20:17","guid":{"rendered":"https:\/\/cheerleadingmonaco.com\/?page_id=128"},"modified":"2025-06-26T22:13:42","modified_gmt":"2025-06-26T20:13:42","slug":"notre-equipe","status":"publish","type":"page","link":"https:\/\/cheerleadingmonaco.com\/index.php\/notre-equipe\/","title":{"rendered":"Nos \u00e9quipes"},"content":{"rendered":"\r\n<h2 class=\"wp-block-heading\">Nos \u00e9quipes de cheerleaders<\/h2>\r\n\r\n\r\n\r\n<div class=\"wp-block-columns is-layout-flex wp-container-core-columns-is-layout-9d6595d7 wp-block-columns-is-layout-flex\">\r\n<div class=\"wp-block-column is-layout-flow wp-block-column-is-layout-flow\"><div class=\"wp-block-image\">\r\n<figure class=\"aligncenter size-full\"><img loading=\"lazy\" decoding=\"async\" width=\"768\" height=\"768\" class=\"wp-image-137\" src=\"http:\/\/cheerleadingmonaco.com\/wp-content\/uploads\/2023\/06\/mini.jpg\" alt=\"\" srcset=\"https:\/\/cheerleadingmonaco.com\/wp-content\/uploads\/2023\/06\/mini.jpg 768w, https:\/\/cheerleadingmonaco.com\/wp-content\/uploads\/2023\/06\/mini-300x300.jpg 300w, https:\/\/cheerleadingmonaco.com\/wp-content\/uploads\/2023\/06\/mini-150x150.jpg 150w, https:\/\/cheerleadingmonaco.com\/wp-content\/uploads\/2023\/06\/mini-100x100.jpg 100w\" sizes=\"auto, (max-width: 706px) 89vw, (max-width: 767px) 82vw, 740px\" \/><\/figure>\r\n<\/div>\r\n\r\n\r\n<p class=\"has-text-align-center\">Equipe MINIS (De 5 \u00e0 7 ans)<\/p>\r\n\r\n\r\n\r\n<p class=\"has-text-align-center\">Les White Stars<\/p>\r\n<\/div>\r\n\r\n\r\n\r\n<div class=\"wp-block-column is-layout-flow wp-block-column-is-layout-flow\"><div class=\"wp-block-image\">\r\n<figure class=\"aligncenter size-large\"><img loading=\"lazy\" decoding=\"async\" width=\"1024\" height=\"1024\" class=\"wp-image-138\" src=\"http:\/\/cheerleadingmonaco.com\/wp-content\/uploads\/2023\/06\/minimes-1024x1024.jpg\" alt=\"\" srcset=\"https:\/\/cheerleadingmonaco.com\/wp-content\/uploads\/2023\/06\/minimes-1024x1024.jpg 1024w, https:\/\/cheerleadingmonaco.com\/wp-content\/uploads\/2023\/06\/minimes-300x300.jpg 300w, https:\/\/cheerleadingmonaco.com\/wp-content\/uploads\/2023\/06\/minimes-150x150.jpg 150w, https:\/\/cheerleadingmonaco.com\/wp-content\/uploads\/2023\/06\/minimes-768x768.jpg 768w, https:\/\/cheerleadingmonaco.com\/wp-content\/uploads\/2023\/06\/minimes-1536x1536.jpg 1536w, https:\/\/cheerleadingmonaco.com\/wp-content\/uploads\/2023\/06\/minimes-2048x2048.jpg 2048w, https:\/\/cheerleadingmonaco.com\/wp-content\/uploads\/2023\/06\/minimes-100x100.jpg 100w\" sizes=\"auto, (max-width: 706px) 89vw, (max-width: 767px) 82vw, 740px\" \/><\/figure>\r\n<\/div>\r\n\r\n\r\n<p class=\"has-text-align-center\">Equipe MINIMES (De 8 \u00e0 11 ans)<\/p>\r\n\r\n\r\n\r\n<p class=\"has-text-align-center\">Les Red Stars<\/p>\r\n<\/div>\r\n\r\n\r\n\r\n<div class=\"wp-block-column is-layout-flow wp-block-column-is-layout-flow\"><div class=\"wp-block-image\">\r\n<figure class=\"aligncenter size-large\"><img loading=\"lazy\" decoding=\"async\" width=\"1024\" height=\"1024\" class=\"wp-image-139\" src=\"http:\/\/cheerleadingmonaco.com\/wp-content\/uploads\/2023\/06\/juniors-1024x1024.jpg\" alt=\"\" srcset=\"https:\/\/cheerleadingmonaco.com\/wp-content\/uploads\/2023\/06\/juniors-1024x1024.jpg 1024w, https:\/\/cheerleadingmonaco.com\/wp-content\/uploads\/2023\/06\/juniors-300x300.jpg 300w, https:\/\/cheerleadingmonaco.com\/wp-content\/uploads\/2023\/06\/juniors-150x150.jpg 150w, https:\/\/cheerleadingmonaco.com\/wp-content\/uploads\/2023\/06\/juniors-768x768.jpg 768w, https:\/\/cheerleadingmonaco.com\/wp-content\/uploads\/2023\/06\/juniors-1536x1536.jpg 1536w, https:\/\/cheerleadingmonaco.com\/wp-content\/uploads\/2023\/06\/juniors-2048x2048.jpg 2048w, https:\/\/cheerleadingmonaco.com\/wp-content\/uploads\/2023\/06\/juniors-100x100.jpg 100w\" sizes=\"auto, (max-width: 706px) 89vw, (max-width: 767px) 82vw, 740px\" \/><\/figure>\r\n<\/div>\r\n\r\n\r\n<p class=\"has-text-align-center\">Equipe JUNIORS (De 12 \u00e0 15 ans)<\/p>\r\n\r\n\r\n\r\n<p class=\"has-text-align-center\">Les Silver Stars<\/p>\r\n<\/div>\r\n<\/div>\r\n\r\n\r\n\r\n<div class=\"wp-block-columns is-layout-flex wp-container-core-columns-is-layout-9d6595d7 wp-block-columns-is-layout-flex\">\r\n<div class=\"wp-block-column is-layout-flow wp-block-column-is-layout-flow\"><div class=\"wp-block-image\">\r\n<figure class=\"aligncenter size-large\"><img loading=\"lazy\" decoding=\"async\" width=\"1024\" height=\"1024\" class=\"wp-image-140\" src=\"http:\/\/cheerleadingmonaco.com\/wp-content\/uploads\/2023\/06\/seniors-1024x1024.png\" alt=\"\" srcset=\"https:\/\/cheerleadingmonaco.com\/wp-content\/uploads\/2023\/06\/seniors-1024x1024.png 1024w, https:\/\/cheerleadingmonaco.com\/wp-content\/uploads\/2023\/06\/seniors-300x300.png 300w, https:\/\/cheerleadingmonaco.com\/wp-content\/uploads\/2023\/06\/seniors-150x150.png 150w, https:\/\/cheerleadingmonaco.com\/wp-content\/uploads\/2023\/06\/seniors-768x768.png 768w, https:\/\/cheerleadingmonaco.com\/wp-content\/uploads\/2023\/06\/seniors-100x100.png 100w, https:\/\/cheerleadingmonaco.com\/wp-content\/uploads\/2023\/06\/seniors.png 1284w\" sizes=\"auto, (max-width: 706px) 89vw, (max-width: 767px) 82vw, 740px\" \/><\/figure>\r\n<\/div>\r\n\r\n\r\n<p class=\"has-text-align-center\">Equipe SENIORS (A partir de 15 ans)<\/p>\r\n\r\n\r\n\r\n<p class=\"has-text-align-center\">Les Black Stars<\/p>\r\n<\/div>\r\n\r\n\r\n\r\n<div class=\"wp-block-column is-layout-flow wp-block-column-is-layout-flow\"><div class=\"wp-block-image\">\r\n<figure class=\"aligncenter size-large\"><img loading=\"lazy\" decoding=\"async\" width=\"1024\" height=\"1024\" class=\"wp-image-142\" src=\"http:\/\/cheerleadingmonaco.com\/wp-content\/uploads\/2023\/06\/IMG_6698-1-1024x1024.jpg\" alt=\"\" srcset=\"https:\/\/cheerleadingmonaco.com\/wp-content\/uploads\/2023\/06\/IMG_6698-1-1024x1024.jpg 1024w, https:\/\/cheerleadingmonaco.com\/wp-content\/uploads\/2023\/06\/IMG_6698-1-300x300.jpg 300w, https:\/\/cheerleadingmonaco.com\/wp-content\/uploads\/2023\/06\/IMG_6698-1-150x150.jpg 150w, https:\/\/cheerleadingmonaco.com\/wp-content\/uploads\/2023\/06\/IMG_6698-1-768x768.jpg 768w, https:\/\/cheerleadingmonaco.com\/wp-content\/uploads\/2023\/06\/IMG_6698-1-1536x1536.jpg 1536w, https:\/\/cheerleadingmonaco.com\/wp-content\/uploads\/2023\/06\/IMG_6698-1-2048x2048.jpg 2048w, https:\/\/cheerleadingmonaco.com\/wp-content\/uploads\/2023\/06\/IMG_6698-1-100x100.jpg 100w\" sizes=\"auto, (max-width: 706px) 89vw, (max-width: 767px) 82vw, 740px\" \/><\/figure>\r\n<\/div>\r\n\r\n\r\n<p class=\"has-text-align-center\">Freestyle Pom<\/p>\r\n\r\n\r\n\r\n<p class=\"has-text-align-center\">Golden Stars &#8211; Sur s\u00e9lection<\/p>\r\n<\/div>\r\n<\/div>\r\n\r\n\r\n\r\n<h2 class=\"wp-block-heading\">Equipe technique<\/h2>\r\n\r\n\r\n\r\n<p class=\"has-text-align-center\">Directrice technique : Swann MODELON<\/p>\r\n\r\n\r\n<div class=\"wp-block-image\">\r\n<figure class=\"aligncenter size-full\"><img loading=\"lazy\" decoding=\"async\" width=\"384\" height=\"384\" class=\"wp-image-263\" src=\"https:\/\/cheerleadingmonaco.com\/wp-content\/uploads\/2023\/06\/swann.jpg\" alt=\"\" srcset=\"https:\/\/cheerleadingmonaco.com\/wp-content\/uploads\/2023\/06\/swann.jpg 384w, https:\/\/cheerleadingmonaco.com\/wp-content\/uploads\/2023\/06\/swann-300x300.jpg 300w, https:\/\/cheerleadingmonaco.com\/wp-content\/uploads\/2023\/06\/swann-150x150.jpg 150w, https:\/\/cheerleadingmonaco.com\/wp-content\/uploads\/2023\/06\/swann-100x100.jpg 100w\" sizes=\"auto, (max-width: 384px) 100vw, 384px\" \/><\/figure>\r\n<\/div>\r\n\r\n\r\n<p class=\"has-text-align-center\">Nos coaches : Ricardo ANTUNES, Cinzia BRUNCO, Lara ROONEY et Jennifer AMADI<\/p>\r\n\r\n\r\n\r\n<div class=\"wp-block-columns is-layout-flex wp-container-core-columns-is-layout-9d6595d7 wp-block-columns-is-layout-flex\">\r\n<div class=\"wp-block-column is-layout-flow wp-block-column-is-layout-flow\">\r\n<div class=\"wp-block-columns is-layout-flex wp-container-core-columns-is-layout-9d6595d7 wp-block-columns-is-layout-flex\">\r\n<div class=\"wp-block-column is-layout-flow wp-block-column-is-layout-flow\"><div class=\"wp-block-image\">\r\n<figure class=\"aligncenter size-medium is-resized\"><img loading=\"lazy\" decoding=\"async\" class=\"wp-image-179\" style=\"width: 122px; height: 166px;\" src=\"https:\/\/cheerleadingmonaco.com\/wp-content\/uploads\/2023\/06\/Capture-decran-2023-06-05-a-23.26.04-1-221x300.png\" alt=\"\" width=\"122\" height=\"166\" srcset=\"https:\/\/cheerleadingmonaco.com\/wp-content\/uploads\/2023\/06\/Capture-decran-2023-06-05-a-23.26.04-1-221x300.png 221w, https:\/\/cheerleadingmonaco.com\/wp-content\/uploads\/2023\/06\/Capture-decran-2023-06-05-a-23.26.04-1.png 598w\" sizes=\"auto, (max-width: 122px) 100vw, 122px\" \/>\r\n<figcaption class=\"wp-element-caption\">Ricardo ANTUNES<\/figcaption>\r\n<\/figure>\r\n<\/div><\/div>\r\n\r\n\r\n\r\n<div class=\"wp-block-column is-layout-flow wp-block-column-is-layout-flow\"><div class=\"wp-block-image\">\r\n<figure class=\"aligncenter size-large is-resized\"><img loading=\"lazy\" decoding=\"async\" class=\"wp-image-266\" style=\"width: 165px; height: 165px;\" src=\"http:\/\/cheerleadingmonaco.com\/wp-content\/uploads\/2023\/06\/cinzia-1-1024x1024.jpg\" alt=\"\" width=\"165\" height=\"165\" srcset=\"https:\/\/cheerleadingmonaco.com\/wp-content\/uploads\/2023\/06\/cinzia-1-1024x1024.jpg 1024w, https:\/\/cheerleadingmonaco.com\/wp-content\/uploads\/2023\/06\/cinzia-1-300x300.jpg 300w, https:\/\/cheerleadingmonaco.com\/wp-content\/uploads\/2023\/06\/cinzia-1-150x150.jpg 150w, https:\/\/cheerleadingmonaco.com\/wp-content\/uploads\/2023\/06\/cinzia-1-768x768.jpg 768w, https:\/\/cheerleadingmonaco.com\/wp-content\/uploads\/2023\/06\/cinzia-1-100x100.jpg 100w, https:\/\/cheerleadingmonaco.com\/wp-content\/uploads\/2023\/06\/cinzia-1.jpg 1284w\" sizes=\"auto, (max-width: 165px) 100vw, 165px\" \/>\r\n<figcaption class=\"wp-element-caption\">Cinzia BRUNCO<\/figcaption>\r\n<\/figure>\r\n<\/div><\/div>\r\n\r\n\r\n\r\n<div class=\"wp-block-column is-layout-flow wp-block-column-is-layout-flow\"><div class=\"wp-block-image\">\r\n<figure class=\"aligncenter size-full is-resized\"><img loading=\"lazy\" decoding=\"async\" class=\"wp-image-181\" style=\"width: 126px; height: 165px;\" src=\"http:\/\/cheerleadingmonaco.com\/wp-content\/uploads\/2023\/06\/Capture-decran-2023-06-05-a-23.25.22.png\" alt=\"\" width=\"126\" height=\"165\" srcset=\"https:\/\/cheerleadingmonaco.com\/wp-content\/uploads\/2023\/06\/Capture-decran-2023-06-05-a-23.25.22.png 620w, https:\/\/cheerleadingmonaco.com\/wp-content\/uploads\/2023\/06\/Capture-decran-2023-06-05-a-23.25.22-230x300.png 230w\" sizes=\"auto, (max-width: 126px) 100vw, 126px\" \/>\r\n<figcaption class=\"wp-element-caption\">Lara ROONEY<\/figcaption>\r\n<\/figure>\r\n<\/div><\/div>\r\n\r\n\r\n\r\n<div class=\"wp-block-column is-layout-flow wp-block-column-is-layout-flow\"><div class=\"wp-block-image\">\r\n<figure class=\"aligncenter size-large is-resized\"><img loading=\"lazy\" decoding=\"async\" class=\"wp-image-338\" style=\"width: 95px; height: 166px;\" src=\"http:\/\/cheerleadingmonaco.com\/wp-content\/uploads\/2023\/09\/6f1b3f97-e4b8-487e-9694-68f9929f2da1-583x1024.jpg\" alt=\"\" width=\"95\" height=\"166\" srcset=\"https:\/\/cheerleadingmonaco.com\/wp-content\/uploads\/2023\/09\/6f1b3f97-e4b8-487e-9694-68f9929f2da1-583x1024.jpg 583w, https:\/\/cheerleadingmonaco.com\/wp-content\/uploads\/2023\/09\/6f1b3f97-e4b8-487e-9694-68f9929f2da1-171x300.jpg 171w, https:\/\/cheerleadingmonaco.com\/wp-content\/uploads\/2023\/09\/6f1b3f97-e4b8-487e-9694-68f9929f2da1.jpg 615w\" sizes=\"auto, (max-width: 95px) 100vw, 95px\" \/>\r\n<figcaption class=\"wp-element-caption\">Jennifer AMADI<\/figcaption>\r\n<\/figure>\r\n<\/div><\/div>\r\n<\/div>\r\n<\/div>\r\n<\/div>\r\n\r\n\r\n\r\n<p class=\"has-text-align-center\">Nos coaches assistantes : Lilirose SARRUT , Valentina FIGUEROA, Cassandre PAULET, et Louane SUAREZ<\/p>\r\n\r\n\r\n\r\n<p>&nbsp;<\/p>\r\n\r\n\r\n\r\n<div class=\"wp-block-columns is-layout-flex wp-container-core-columns-is-layout-9d6595d7 wp-block-columns-is-layout-flex\">\r\n<div class=\"wp-block-column is-layout-flow wp-block-column-is-layout-flow\"><div class=\"wp-block-image\">\r\n<figure class=\"aligncenter size-full is-resized\"><img loading=\"lazy\" decoding=\"async\" class=\"wp-image-339\" style=\"width: 144px; height: 162px;\" src=\"http:\/\/cheerleadingmonaco.com\/wp-content\/uploads\/2023\/09\/Capture-decran-2023-09-06-a-00.19.57.png\" alt=\"\" width=\"144\" height=\"162\" srcset=\"https:\/\/cheerleadingmonaco.com\/wp-content\/uploads\/2023\/09\/Capture-decran-2023-09-06-a-00.19.57.png 510w, https:\/\/cheerleadingmonaco.com\/wp-content\/uploads\/2023\/09\/Capture-decran-2023-09-06-a-00.19.57-268x300.png 268w\" sizes=\"auto, (max-width: 144px) 100vw, 144px\" \/>\r\n<figcaption class=\"wp-element-caption\">Lilirose SARRUT<\/figcaption>\r\n<\/figure>\r\n<\/div><\/div>\r\n\r\n\r\n\r\n<div class=\"wp-block-column is-layout-flow wp-block-column-is-layout-flow\"><div class=\"wp-block-image\">\r\n<figure class=\"aligncenter size-full is-resized\"><img loading=\"lazy\" decoding=\"async\" class=\"wp-image-349\" style=\"width: 127px; height: 162px;\" src=\"http:\/\/cheerleadingmonaco.com\/wp-content\/uploads\/2023\/09\/Capture-decran-2023-09-06-a-13.42.39.png\" alt=\"\" width=\"127\" height=\"162\" srcset=\"https:\/\/cheerleadingmonaco.com\/wp-content\/uploads\/2023\/09\/Capture-decran-2023-09-06-a-13.42.39.png 452w, https:\/\/cheerleadingmonaco.com\/wp-content\/uploads\/2023\/09\/Capture-decran-2023-09-06-a-13.42.39-235x300.png 235w\" sizes=\"auto, (max-width: 127px) 100vw, 127px\" \/>\r\n<figcaption class=\"wp-element-caption\">Valentina FIGUEROA<\/figcaption>\r\n<\/figure>\r\n<\/div><\/div>\r\n\r\n\r\n\r\n<div class=\"wp-block-column is-layout-flow wp-block-column-is-layout-flow\"><div class=\"wp-block-image\">\r\n<figure class=\"aligncenter size-full is-resized\"><img loading=\"lazy\" decoding=\"async\" class=\"wp-image-346\" style=\"width: 145px; height: 164px;\" src=\"http:\/\/cheerleadingmonaco.com\/wp-content\/uploads\/2023\/09\/Capture-decran-2023-09-06-a-13.41.40.png\" alt=\"\" width=\"145\" height=\"164\" srcset=\"https:\/\/cheerleadingmonaco.com\/wp-content\/uploads\/2023\/09\/Capture-decran-2023-09-06-a-13.41.40.png 846w, https:\/\/cheerleadingmonaco.com\/wp-content\/uploads\/2023\/09\/Capture-decran-2023-09-06-a-13.41.40-264x300.png 264w, https:\/\/cheerleadingmonaco.com\/wp-content\/uploads\/2023\/09\/Capture-decran-2023-09-06-a-13.41.40-768x871.png 768w\" sizes=\"auto, (max-width: 145px) 100vw, 145px\" \/>\r\n<figcaption class=\"wp-element-caption\">Cassandre PAULET<\/figcaption>\r\n<\/figure>\r\n<\/div><\/div>\r\n\r\n\r\n\r\n<div class=\"wp-block-column is-layout-flow wp-block-column-is-layout-flow\"><div class=\"wp-block-image\">\r\n<figure class=\"aligncenter size-full is-resized\"><img loading=\"lazy\" decoding=\"async\" class=\"wp-image-360\" style=\"width: 137px; height: 164px;\" src=\"http:\/\/cheerleadingmonaco.com\/wp-content\/uploads\/2023\/10\/6ad0adaf-dcc1-4e8a-8220-3ca1f09a0cd8.jpg\" alt=\"\" width=\"137\" height=\"164\" \/>\r\n<figcaption class=\"wp-element-caption\">Louanne SUAREZ<\/figcaption>\r\n<\/figure>\r\n<\/div><\/div>\r\n<\/div>\r\n\r\n\r\n<div class=\"wp-block-image\">\r\n<figure class=\"aligncenter size-large is-resized\"><img loading=\"lazy\" decoding=\"async\" class=\"wp-image-361\" style=\"width: 332px; height: 443px;\" src=\"https:\/\/cheerleadingmonaco.com\/wp-content\/uploads\/2023\/10\/93ff656e-f469-4c64-92d6-af5176684269-768x1024.jpg\" alt=\"\" width=\"332\" height=\"443\" srcset=\"https:\/\/cheerleadingmonaco.com\/wp-content\/uploads\/2023\/10\/93ff656e-f469-4c64-92d6-af5176684269-768x1024.jpg 768w, https:\/\/cheerleadingmonaco.com\/wp-content\/uploads\/2023\/10\/93ff656e-f469-4c64-92d6-af5176684269-225x300.jpg 225w, https:\/\/cheerleadingmonaco.com\/wp-content\/uploads\/2023\/10\/93ff656e-f469-4c64-92d6-af5176684269-1152x1536.jpg 1152w, https:\/\/cheerleadingmonaco.com\/wp-content\/uploads\/2023\/10\/93ff656e-f469-4c64-92d6-af5176684269.jpg 1536w\" sizes=\"auto, (max-width: 332px) 100vw, 332px\" \/>\r\n<figcaption class=\"wp-element-caption\">Le port\u00e9e des coaches \ud83c\udf1f<\/figcaption>\r\n<\/figure>\r\n<\/div>\r\n\r\n\r\n<p class=\"has-text-align-center\">Responsable \u00e9quipement : Sylvie MORGADO<\/p>\r\n\r\n\r\n\r\n<div class=\"wp-block-columns is-layout-flex wp-container-core-columns-is-layout-9d6595d7 wp-block-columns-is-layout-flex\">\r\n<div class=\"wp-block-column is-layout-flow wp-block-column-is-layout-flow\"><div class=\"wp-block-image\">\r\n<figure class=\"aligncenter size-medium\"><img loading=\"lazy\" decoding=\"async\" width=\"221\" height=\"300\" class=\"wp-image-184\" src=\"https:\/\/cheerleadingmonaco.com\/wp-content\/uploads\/2023\/06\/Capture-decran-2023-06-05-a-23.26.47-221x300.png\" alt=\"\" srcset=\"https:\/\/cheerleadingmonaco.com\/wp-content\/uploads\/2023\/06\/Capture-decran-2023-06-05-a-23.26.47-221x300.png 221w, https:\/\/cheerleadingmonaco.com\/wp-content\/uploads\/2023\/06\/Capture-decran-2023-06-05-a-23.26.47.png 598w\" sizes=\"auto, (max-width: 221px) 100vw, 221px\" \/>\r\n<figcaption class=\"wp-element-caption\">Sylvie MORGADO<\/figcaption>\r\n<\/figure>\r\n<\/div>\r\n<\/div><\/div>\r\n\r\n\r\n\r\n<h2 class=\"wp-block-heading\">Le staff<\/h2>\r\n\r\n\r\n\r\n<div class=\"wp-block-columns is-layout-flex wp-container-core-columns-is-layout-9d6595d7 wp-block-columns-is-layout-flex\">\r\n<div class=\"wp-block-column is-layout-flow wp-block-column-is-layout-flow\"><div class=\"wp-block-image\">\r\n<figure class=\"aligncenter size-large\"><img loading=\"lazy\" decoding=\"async\" width=\"1024\" height=\"1024\" class=\"wp-image-266\" src=\"https:\/\/cheerleadingmonaco.com\/wp-content\/uploads\/2023\/06\/cinzia-1-1024x1024.jpg\" alt=\"\" srcset=\"https:\/\/cheerleadingmonaco.com\/wp-content\/uploads\/2023\/06\/cinzia-1-1024x1024.jpg 1024w, https:\/\/cheerleadingmonaco.com\/wp-content\/uploads\/2023\/06\/cinzia-1-300x300.jpg 300w, https:\/\/cheerleadingmonaco.com\/wp-content\/uploads\/2023\/06\/cinzia-1-150x150.jpg 150w, https:\/\/cheerleadingmonaco.com\/wp-content\/uploads\/2023\/06\/cinzia-1-768x768.jpg 768w, https:\/\/cheerleadingmonaco.com\/wp-content\/uploads\/2023\/06\/cinzia-1-100x100.jpg 100w, https:\/\/cheerleadingmonaco.com\/wp-content\/uploads\/2023\/06\/cinzia-1.jpg 1284w\" sizes=\"auto, (max-width: 706px) 89vw, (max-width: 767px) 82vw, 740px\" \/>\r\n<figcaption class=\"wp-element-caption\"><strong>La pr\u00e9sidente, Cinzia BRUNCO<\/strong><\/figcaption>\r\n<\/figure>\r\n<\/div><\/div>\r\n\r\n\r\n\r\n<div class=\"wp-block-column is-layout-flow wp-block-column-is-layout-flow\"><div class=\"wp-block-image\">\r\n<figure class=\"aligncenter size-full is-resized\"><img loading=\"lazy\" decoding=\"async\" class=\"wp-image-312\" style=\"width: 162px; height: 202px;\" src=\"http:\/\/cheerleadingmonaco.com\/wp-content\/uploads\/2023\/08\/ef6cc3fb-cb2f-471b-8f78-1f7e7bdc7e24-1.jpg\" alt=\"\" width=\"162\" height=\"202\" srcset=\"https:\/\/cheerleadingmonaco.com\/wp-content\/uploads\/2023\/08\/ef6cc3fb-cb2f-471b-8f78-1f7e7bdc7e24-1.jpg 297w, https:\/\/cheerleadingmonaco.com\/wp-content\/uploads\/2023\/08\/ef6cc3fb-cb2f-471b-8f78-1f7e7bdc7e24-1-240x300.jpg 240w\" sizes=\"auto, (max-width: 162px) 100vw, 162px\" \/>\r\n<figcaption class=\"wp-element-caption\"><strong>La tr\u00e9sori\u00e8re, Laurence SARRUT<\/strong><\/figcaption>\r\n<\/figure>\r\n<\/div><\/div>\r\n\r\n\r\n\r\n<div class=\"wp-block-column is-layout-flow wp-block-column-is-layout-flow\"><div class=\"wp-block-image\">\r\n<figure class=\"aligncenter size-full is-resized\"><img loading=\"lazy\" decoding=\"async\" class=\"wp-image-309\" style=\"width: 134px; height: 203px;\" src=\"http:\/\/cheerleadingmonaco.com\/wp-content\/uploads\/2023\/08\/Capture-decran-2023-08-01-a-18.12.16.png\" alt=\"\" width=\"134\" height=\"203\" \/>\r\n<figcaption class=\"wp-element-caption\"><strong>La secr\u00e9taire, Isabelle FAVRE GIRAUD<\/strong><\/figcaption>\r\n<\/figure>\r\n<\/div><\/div>\r\n<\/div>\r\n","protected":false},"excerpt":{"rendered":"<p>Nos \u00e9quipes de cheerleaders Equipe MINIS (De 5 \u00e0 7 ans) Les White Stars Equipe MINIMES (De 8 \u00e0 11 ans) Les Red Stars Equipe JUNIORS (De 12 \u00e0 15 ans) Les Silver Stars Equipe SENIORS (A partir de 15 ans) Les Black Stars Freestyle Pom Golden Stars &#8211; Sur s\u00e9lection Equipe technique Directrice technique &hellip; <\/p>\n<p class=\"link-more\"><a href=\"https:\/\/cheerleadingmonaco.com\/index.php\/notre-equipe\/\" class=\"more-link\">Continuer la lecture<span class=\"screen-reader-text\"> de &laquo;&nbsp;Nos \u00e9quipes&nbsp;&raquo;<\/span><\/a><\/p>\n","protected":false},"author":1,"featured_media":0,"parent":0,"menu_order":0,"comment_status":"closed","ping_status":"closed","template":"","meta":{"footnotes":""},"class_list":["post-128","page","type-page","status-publish","hentry"],"_links":{"self":[{"href":"https:\/\/cheerleadingmonaco.com\/index.php\/wp-json\/wp\/v2\/pages\/128","targetHints":{"allow":["GET"]}}],"collection":[{"href":"https:\/\/cheerleadingmonaco.com\/index.php\/wp-json\/wp\/v2\/pages"}],"about":[{"href":"https:\/\/cheerleadingmonaco.com\/index.php\/wp-json\/wp\/v2\/types\/page"}],"author":[{"embeddable":true,"href":"https:\/\/cheerleadingmonaco.com\/index.php\/wp-json\/wp\/v2\/users\/1"}],"replies":[{"embeddable":true,"href":"https:\/\/cheerleadingmonaco.com\/index.php\/wp-json\/wp\/v2\/comments?post=128"}],"version-history":[{"count":28,"href":"https:\/\/cheerleadingmonaco.com\/index.php\/wp-json\/wp\/v2\/pages\/128\/revisions"}],"predecessor-version":[{"id":516,"href":"https:\/\/cheerleadingmonaco.com\/index.php\/wp-json\/wp\/v2\/pages\/128\/revisions\/516"}],"wp:attachment":[{"href":"https:\/\/cheerleadingmonaco.com\/index.php\/wp-json\/wp\/v2\/media?parent=128"}],"curies":[{"name":"wp","href":"https:\/\/api.w.org\/{rel}","templated":true}]}}